{"id":185,"date":"2025-06-02T19:23:06","date_gmt":"2025-06-02T19:23:06","guid":{"rendered":"https:\/\/palyazat.uni-obuda.hu\/palyazatiportal\/?page_id=185"},"modified":"2025-06-02T19:24:13","modified_gmt":"2025-06-02T19:24:13","slug":"kapcsolat-ekop-program","status":"publish","type":"page","link":"https:\/\/palyazat.uni-obuda.hu\/palyazatiportal\/kapcsolat-ekop-program\/","title":{"rendered":"Kapcsolat \u2013 EK\u00d6P Program"},"content":{"rendered":"\n<p><strong>\u00d3budai Egyetem<\/strong><br><strong>P\u00e1ly\u00e1zati Iroda<\/strong><br>Egyetemi Kutat\u00f3i \u00d6szt\u00f6nd\u00edj Program (EK\u00d6P)<\/p>\n\n\n\n<p>C\u00edm: 1034 Budapest, B\u00e9csi \u00fat 120-128. (1,5 em.)<br>Levelez\u00e9si c\u00edm: 1034 Budapest, B\u00e9csi \u00fat 96\/B<br><strong>E-mail<\/strong>: <strong><a href=\"mailto:ekop@uni-obuda.hu\">ekopaltalanos@uni-obuda.hu,<\/a> <a href=\"mailto:ekopkdp@uni-obuda.hu\">ekopkdp@uni-obuda.hu<\/a><\/strong><\/p>\n\n\n\n<hr class=\"wp-block-separator has-alpha-channel-opacity\"\/>\n\n\n\n<p><strong>Szakmai seg\u00edts\u00e9g:<\/strong><br><strong>Az EK\u00d6P Programmal kapcsolatban t\u00e1j\u00e9koztat\u00e1st ny\u00fajt:<br><\/strong><a href=\"https:\/\/uni-obuda.hu\/szemely\/mihalyi-laura\/\"><strong>Mih\u00e1lyi Laura,<\/strong><\/a> p\u00e1ly\u00e1zati szak\u00e9rt\u0151<br>+36 1 666 5772, +36 30 126 3805<br>1034 Budapest, B\u00e9csi \u00fat 120-128. 1,5. emelet <br><strong>E-mail:<\/strong> <strong><a href=\"mailto:mihalyi.laura@uni-obuda.hu\">mihalyi.laura@uni-obuda.hu<\/a><\/strong><\/p>\n\n\n\n<hr class=\"wp-block-separator has-alpha-channel-opacity\"\/>\n\n\n\n<p><strong>Az EK\u00d6P-KDP Programmal kapcsolatban t\u00e1j\u00e9koztat\u00e1st ny\u00fajt:<\/strong><br><strong><a href=\"https:\/\/uni-obuda.hu\/szemely\/kovari-breuer-orsolya\/\">K\u0151v\u00e1ri-Breuer Orsolya<\/a><\/strong>, projektmenedzser<br>+36 1 666 5704; +36 30 263 5167,<br>1034 Budapest, B\u00e9csi \u00fat 120-128. 1,5 emelet<br><strong>E-mail<\/strong>: <a href=\"mailto:kovari.orsolya@uni-obuda.hu\"><strong>kovari.orsolya@uni-obuda.hu<\/strong><\/a><\/p>\n\n\n\n<hr class=\"wp-block-separator has-alpha-channel-opacity\"\/>\n\n\n\n<p><strong>Technikai seg\u00edts\u00e9g:<\/strong><br>K\u00e9rd\u00e9s eset\u00e9n k\u00e9rj\u00fck, e-mailben vegye fel vel\u00fcnk a kapcsolatot.<br>Az EK\u00d6P port\u00e1l technikai probl\u00e9m\u00e1ival kapcsolatban k\u00e9rj\u00fck, r\u00e9szletes hibale\u00edr\u00e1st is k\u00fcldj\u00f6n.<\/p>\n","protected":false},"excerpt":{"rendered":"<p>\u00d3budai EgyetemP\u00e1ly\u00e1zati IrodaEgyetemi Kutat\u00f3i \u00d6szt\u00f6nd\u00edj Program (EK\u00d6P) C\u00edm: 1034 Budapest, B\u00e9csi \u00fat 120-128. (1,5 em.)Levelez\u00e9si c\u00edm: 1034 Budapest, B\u00e9csi \u00fat 96\/BE-mail: ekopaltalanos@uni-obuda.hu, ekopkdp@uni-obuda.hu Szakmai seg\u00edts\u00e9g:Az EK\u00d6P Programmal kapcsolatban t\u00e1j\u00e9koztat\u00e1st ny\u00fajt:Mih\u00e1lyi Laura, p\u00e1ly\u00e1zati szak\u00e9rt\u0151+36 1 666 5772, +36 30 126 38051034 Budapest, B\u00e9csi \u00fat 120-128. 1,5. emelet E-mail: mihalyi.laura@uni-obuda.hu Az EK\u00d6P-KDP Programmal kapcsolatban t\u00e1j\u00e9koztat\u00e1st ny\u00fajt:K\u0151v\u00e1ri-Breuer Orsolya, [&hellip;]<\/p>\n","protected":false},"author":7,"featured_media":0,"parent":0,"menu_order":0,"comment_status":"closed","ping_status":"closed","template":"","meta":{"footnotes":""},"class_list":["post-185","page","type-page","status-publish","hentry"],"_links":{"self":[{"href":"https:\/\/palyazat.uni-obuda.hu\/palyazatiportal\/wp-json\/wp\/v2\/pages\/185","targetHints":{"allow":["GET"]}}],"collection":[{"href":"https:\/\/palyazat.uni-obuda.hu\/palyazatiportal\/wp-json\/wp\/v2\/pages"}],"about":[{"href":"https:\/\/palyazat.uni-obuda.hu\/palyazatiportal\/wp-json\/wp\/v2\/types\/page"}],"author":[{"embeddable":true,"href":"https:\/\/palyazat.uni-obuda.hu\/palyazatiportal\/wp-json\/wp\/v2\/users\/7"}],"replies":[{"embeddable":true,"href":"https:\/\/palyazat.uni-obuda.hu\/palyazatiportal\/wp-json\/wp\/v2\/comments?post=185"}],"version-history":[{"count":2,"href":"https:\/\/palyazat.uni-obuda.hu\/palyazatiportal\/wp-json\/wp\/v2\/pages\/185\/revisions"}],"predecessor-version":[{"id":187,"href":"https:\/\/palyazat.uni-obuda.hu\/palyazatiportal\/wp-json\/wp\/v2\/pages\/185\/revisions\/187"}],"wp:attachment":[{"href":"https:\/\/palyazat.uni-obuda.hu\/palyazatiportal\/wp-json\/wp\/v2\/media?parent=185"}],"curies":[{"name":"wp","href":"https:\/\/api.w.org\/{rel}","templated":true}]}}